{"id":1857,"date":"2021-05-10T15:32:36","date_gmt":"2021-05-10T13:32:36","guid":{"rendered":"https:\/\/hitelpont.hu\/?page_id=1857"},"modified":"2021-06-01T22:23:43","modified_gmt":"2021-06-01T20:23:43","slug":"altalanos-hiteltorleszto-kalkulator","status":"publish","type":"page","link":"https:\/\/hitelpont.hu\/en\/magyar-altalanos-hiteltorleszto-kalkulator\/","title":{"rendered":"(Magyar) \u00c1ltal\u00e1nos hitelt\u00f6rleszt\u0151 kalkul\u00e1tor"},"content":{"rendered":"","protected":false},"excerpt":{"rendered":"","protected":false},"author":1,"featured_media":0,"parent":0,"menu_order":0,"comment_status":"closed","ping_status":"closed","template":"page-kalkulator altalanos.php","meta":{"footnotes":"","_links_to":"","_links_to_target":""},"class_list":["post-1857","page","type-page","status-publish","hentry"],"aioseo_notices":[],"_links":{"self":[{"href":"https:\/\/hitelpont.hu\/en\/wp-json\/wp\/v2\/pages\/1857","targetHints":{"allow":["GET"]}}],"collection":[{"href":"https:\/\/hitelpont.hu\/en\/wp-json\/wp\/v2\/pages"}],"about":[{"href":"https:\/\/hitelpont.hu\/en\/wp-json\/wp\/v2\/types\/page"}],"author":[{"embeddable":true,"href":"https:\/\/hitelpont.hu\/en\/wp-json\/wp\/v2\/users\/1"}],"replies":[{"embeddable":true,"href":"https:\/\/hitelpont.hu\/en\/wp-json\/wp\/v2\/comments?post=1857"}],"version-history":[{"count":1,"href":"https:\/\/hitelpont.hu\/en\/wp-json\/wp\/v2\/pages\/1857\/revisions"}],"predecessor-version":[{"id":1858,"href":"https:\/\/hitelpont.hu\/en\/wp-json\/wp\/v2\/pages\/1857\/revisions\/1858"}],"wp:attachment":[{"href":"https:\/\/hitelpont.hu\/en\/wp-json\/wp\/v2\/media?parent=1857"}],"curies":[{"name":"wp","href":"https:\/\/api.w.org\/{rel}","templated":true}]}}